{"id":2427,"date":"2013-06-21T11:19:45","date_gmt":"2013-06-21T11:19:45","guid":{"rendered":"http:\/\/localhost\/wordpress\/medicenter-new\/my-account\/"},"modified":"2026-03-27T12:16:26","modified_gmt":"2026-03-27T12:16:26","slug":"my-account","status":"publish","type":"page","link":"https:\/\/votrevision.fr\/","title":{"rendered":"Prendre RDV"},"content":{"rendered":"<div class=\"wpb-content-wrapper\"><p>[vc_row][vc_column width=&#8221;1\/2&#8243;]<h3 class=\"box-header\">Dr STALKER Alina<\/h3>[vc_row_inner top_margin=&#8221;page-margin-top&#8221;][vc_column_inner][vc_btn title=&#8221;Prendre un RDV avec Dr STALKER Alina&#8221; style=&#8221;classic&#8221; shape=&#8221;square&#8221; color=&#8221;primary&#8221; size=&#8221;lg&#8221; i_icon_fontawesome=&#8221;fas fa-calendar&#8221; css=&#8221;&#8221; add_icon=&#8221;true&#8221; link=&#8221;url:https%3A%2F%2Fwww.doctolib.fr%2Fophtalmologue%2Falbi%2Falina-stalker&#8221;][\/vc_column_inner][\/vc_row_inner][vc_row_inner][vc_column_inner][vc_column_text css=&#8221;&#8221;]<\/p>\n<table class=\"margin-top-30\">\n<tbody>\n<tr>\n<td>Poste<\/td>\n<td>Chirurgien ophtalmologue<\/td>\n<\/tr>\n<tr>\n<td>Conventionn\u00e9<\/td>\n<td>Secteur 2, avec d\u00e9passements d&#8217;honoraires, non OPTAM<\/td>\n<\/tr>\n<tr>\n<td>Sp\u00e9cialit\u00e9s<\/td>\n<td><ul class=\"simple-list clearfix\"><li class=\"template-check clearfix\">\n\t\t\t<span>Chirurgie de la cataracte<\/span><\/li><li class=\"template-check clearfix\">\n\t\t\t<span>Suivi DMLA<\/span><\/li><li class=\"template-check clearfix\">\n\t\t\t<span>Glaucome<\/span><\/li><li class=\"template-check clearfix\">\n\t\t\t<span>Suivi de la s\u00e9cheresse oculaire<\/span><\/li><li class=\"template-check clearfix\">\n\t\t\t<span>Injection intre vitr\u00e9ennes<\/span><\/li><li class=\"template-check clearfix\">\n\t\t\t<span>Botox<\/span><\/li><\/ul><\/td>\n<\/tr>\n<tr>\n<td>Membre des Soci\u00e9t\u00e9s<\/td>\n<td><ul class=\"simple-list clearfix\"><li class=\"template-check clearfix\">\n\t\t\t<span>La soci\u00e9t\u00e9 fran\u00e7aise d`Ophtalmologie<\/span><\/li><li class=\"template-check clearfix\">\n\t\t\t<span> The Royal College of Ophthalmologists<\/span><\/li><\/ul><\/td>\n<\/tr>\n<tr>\n<td>Langues parl\u00e9es<\/td>\n<td>Fran\u00e7ais,\u00a0 Anglais, Espagnol,\u00a0 Roumain<\/td>\n<\/tr>\n<\/tbody>\n<\/table>\n<p>[\/vc_column_text][\/vc_column_inner][\/vc_row_inner][\/vc_column][vc_column width=&#8221;1\/2&#8243;]<h3 class=\"box-header\">Dr DESPRES Orianna<\/h3>[vc_row_inner top_margin=&#8221;page-margin-top&#8221;][vc_column_inner][vc_btn title=&#8221;Prendre un RDV avec Dr DESPRES Orianna&#8221; style=&#8221;classic&#8221; shape=&#8221;square&#8221; color=&#8221;primary&#8221; size=&#8221;lg&#8221; i_icon_fontawesome=&#8221;fas fa-calendar&#8221; css=&#8221;&#8221; add_icon=&#8221;true&#8221; link=&#8221;url:https%3A%2F%2Fwww.doctolib.fr%2Fophtalmologue%2Falbi%2Forianna-despres&#8221;][\/vc_column_inner][\/vc_row_inner][vc_row_inner][vc_column_inner][\/vc_column_inner][\/vc_row_inner][vc_column_text css=&#8221;&#8221;]<\/p>\n<table class=\"margin-top-30\">\n<tbody>\n<tr>\n<td>Poste<\/td>\n<td>Chirurgien ophtalmologue<\/td>\n<\/tr>\n<tr>\n<td>Conventionn\u00e9<\/td>\n<td>Secteur 2, avec d\u00e9passements d&#8217;honoraires, non OPTAM<\/td>\n<\/tr>\n<tr>\n<td>Sp\u00e9cialit\u00e9s<\/td>\n<td><ul class=\"simple-list clearfix\"><li class=\"template-check clearfix\">\n\t\t\t<span>Chirurgie de la cataracte<\/span><\/li><li class=\"template-check clearfix\">\n\t\t\t<span>Suivi DMLA<\/span><\/li><li class=\"template-check clearfix\">\n\t\t\t<span>Glaucome<\/span><\/li><li class=\"template-check clearfix\">\n\t\t\t<span>Suivi de la s\u00e9cheresse oculaire<\/span><\/li><li class=\"template-check clearfix\">\n\t\t\t<span>Botox<\/span><\/li><\/ul><\/td>\n<\/tr>\n<tr>\n<td>Membre des Soci\u00e9t\u00e9s<\/td>\n<td><ul class=\"simple-list clearfix\"><li class=\"template-check clearfix\">\n\t\t\t<span>La soci\u00e9t\u00e9 fran\u00e7aise d`Ophtalmologie<\/span><\/li><\/ul><\/td>\n<\/tr>\n<tr>\n<td>Langues parl\u00e9es<\/td>\n<td>Fran\u00e7ais<\/td>\n<\/tr>\n<\/tbody>\n<\/table>\n<p>[\/vc_column_text][\/vc_column][\/vc_row]<\/p>\n<\/div>","protected":false},"excerpt":{"rendered":"<p>[vc_row][vc_column width=&#8221;1\/2&#8243;][vc_row_inner top_margin=&#8221;page-margin-top&#8221;][vc_column_inner][vc_btn title=&#8221;Prendre un RDV avec Dr STALKER Alina&#8221; style=&#8221;classic&#8221; shape=&#8221;square&#8221; color=&#8221;primary&#8221; size=&#8221;lg&#8221; i_icon_fontawesome=&#8221;fas fa-calendar&#8221; css=&#8221;&#8221; add_icon=&#8221;true&#8221; link=&#8221;url:https%3A%2F%2Fwww.doctolib.fr%2Fophtalmologue%2Falbi%2Falina-stalker&#8221;][\/vc_column_inner][\/vc_row_inner][vc_row_inner][vc_column_inner][vc_column_text css=&#8221;&#8221;] Poste Chirurgien ophtalmologue Conventionn\u00e9 Secteur 2, avec d\u00e9passements d&#8217;honoraires, non OPTAM Sp\u00e9cialit\u00e9s Membre des Soci\u00e9t\u00e9s Langues parl\u00e9es Fran\u00e7ais,\u00a0 Anglais, Espagnol,\u00a0 Roumain [\/vc_column_text][\/vc_column_inner][\/vc_row_inner][\/vc_column][vc_column width=&#8221;1\/2&#8243;][vc_row_inner top_margin=&#8221;page-margin-top&#8221;][vc_column_inner][vc_btn title=&#8221;Prendre un RDV avec Dr DESPRES Orianna&#8221; style=&#8221;classic&#8221; shape=&#8221;square&#8221; color=&#8221;primary&#8221; size=&#8221;lg&#8221;<\/p>\n","protected":false},"author":1,"featured_media":0,"parent":0,"menu_order":0,"comment_status":"open","ping_status":"open","template":"","meta":{"footnotes":""},"class_list":["post-2427","page","type-page","status-publish","hentry"],"_links":{"self":[{"href":"https:\/\/votrevision.fr\/index.php?rest_route=\/wp\/v2\/pages\/2427","targetHints":{"allow":["GET"]}}],"collection":[{"href":"https:\/\/votrevision.fr\/index.php?rest_route=\/wp\/v2\/pages"}],"about":[{"href":"https:\/\/votrevision.fr\/index.php?rest_route=\/wp\/v2\/types\/page"}],"author":[{"embeddable":true,"href":"https:\/\/votrevision.fr\/index.php?rest_route=\/wp\/v2\/users\/1"}],"replies":[{"embeddable":true,"href":"https:\/\/votrevision.fr\/index.php?rest_route=%2Fwp%2Fv2%2Fcomments&post=2427"}],"version-history":[{"count":37,"href":"https:\/\/votrevision.fr\/index.php?rest_route=\/wp\/v2\/pages\/2427\/revisions"}],"predecessor-version":[{"id":5615,"href":"https:\/\/votrevision.fr\/index.php?rest_route=\/wp\/v2\/pages\/2427\/revisions\/5615"}],"wp:attachment":[{"href":"https:\/\/votrevision.fr\/index.php?rest_route=%2Fwp%2Fv2%2Fmedia&parent=2427"}],"curies":[{"name":"wp","href":"https:\/\/api.w.org\/{rel}","templated":true}]}}